{"id":287,"date":"2026-02-24T09:21:04","date_gmt":"2026-02-24T09:21:04","guid":{"rendered":"https:\/\/ma-plainte.ch\/?page_id=287"},"modified":"2026-04-09T15:33:31","modified_gmt":"2026-04-09T15:33:31","slug":"depot-de-plainte-dans-le-canton-du-jura-sans-se-deplacer","status":"publish","type":"page","link":"https:\/\/ma-plainte.ch\/de\/depot-de-plainte-dans-le-canton-du-jura-sans-se-deplacer\/","title":{"rendered":"D\u00e9p\u00f4t de plainte dans le canton du Jura sans se d\u00e9placer"},"content":{"rendered":"\n[et_pb_section fb_built=\u00a0\u00bb1&Prime; _builder_version=\u00a0\u00bb4.27.4&Prime; _module_preset=\u00a0\u00bbdefault\u00a0\u00bb background_color=\u00a0\u00bb#f5f7fa\u00a0\u00bb custom_margin=\u00a0\u00bb6em||6em||false|false\u00a0\u00bb custom_padding=\u00a0\u00bb||11px|||\u00a0\u00bb global_colors_info=\u00a0\u00bb{}\u00a0\u00bb][et_pb_row _builder_version=\u00a0\u00bb4.27.4&Prime; _module_preset=\u00a0\u00bbdefault\u00a0\u00bb max_width=\u00a0\u00bb596px\u00a0\u00bb global_colors_info=\u00a0\u00bb{}\u00a0\u00bb][et_pb_column type=\u00a0\u00bb4_4&Prime; _builder_version=\u00a0\u00bb4.27.4&Prime; _module_preset=\u00a0\u00bbdefault\u00a0\u00bb global_colors_info=\u00a0\u00bb{}\u00a0\u00bb][et_pb_text _builder_version=\u00a0\u00bb4.27.4&Prime; _module_preset=\u00a0\u00bb6a4db4d8-4db6-4166-a0ba-e47de9ac45bf\u00a0\u00bb custom_padding=\u00a0\u00bb||2em||false|false\u00a0\u00bb global_colors_info=\u00a0\u00bb{}\u00a0\u00bb]<h2 style=\"text-align: center;\"><b>D\u00e9p\u00f4t de plainte dans le canton du Jura, sans passer au poste de police et en toute simplicit\u00e9<\/b><\/h2>[\/et_pb_text][et_pb_text _builder_version=\u00a0\u00bb4.27.4&Prime; _module_preset=\u00a0\u00bbdefault\u00a0\u00bb global_colors_info=\u00a0\u00bb{}\u00a0\u00bb]<p data-start=\"125\" data-end=\"574\">Vous avez \u00e9t\u00e9 victime d\u2019un vol ou d\u2019un dommage \u00e0 la propri\u00e9t\u00e9 dans le canton du Jura ? Notre service en ligne vous permet de pr\u00e9parer facilement votre d\u00e9p\u00f4t de plainte, sans devoir vous rendre dans un poste de police. Que vous soyez \u00e0 Del\u00e9mont, Porrentruy, Saignel\u00e9gier, Bassecourt ou ailleurs dans le canton, nous vous accompagnons pour d\u00e9crire les faits clairement et constituer un dossier conforme aux exigences des autorit\u00e9s jurassiennes.<\/p>\n<p data-start=\"581\" data-end=\"632\"><strong data-start=\"581\" data-end=\"630\">Un vol ? Un dommage ? Nous vous accompagnons.<\/strong><\/p>\n<p data-start=\"639\" data-end=\"1103\">Qu\u2019il s\u2019agisse d\u2019un objet subtilis\u00e9 sans violence, d\u2019un v\u00e9lo disparu, d\u2019un v\u00e9hicule vol\u00e9 ou d\u2019une d\u00e9gradation commise \u00e0 votre domicile ou \u00e0 votre commerce, ces situations laissent toujours un sentiment d\u2019injustice et d\u2019impuissance. Les d\u00e9clarer permet de faire avancer les choses \u2013 pour vous, mais aussi pour votre quartier et les enqu\u00eateurs. En quelques minutes, vous pouvez lancer votre d\u00e9marche et g\u00e9n\u00e9rer votre plainte pr\u00eate \u00e0 \u00eatre imprim\u00e9e, sign\u00e9e et envoy\u00e9e.<\/p>[\/et_pb_text][et_pb_button button_url=\u00a0\u00bbhttps:\/\/app.ma-plainte.ch\/wizard\u00a0\u00bb button_text=\u00a0\u00bbCommencer ma plainte\u00a0\u00bb button_alignment=\u00a0\u00bbcenter\u00a0\u00bb _builder_version=\u00a0\u00bb4.27.4&Prime; _module_preset=\u00a0\u00bb8692cd49-60ab-41de-b1d3-15cf24c7fcb8&Prime; locked=\u00a0\u00bboff\u00a0\u00bb global_colors_info=\u00a0\u00bb{}\u00a0\u00bb][\/et_pb_button][\/et_pb_column][\/et_pb_row][\/et_pb_section][et_pb_section fb_built=\u00a0\u00bb1&Prime; _builder_version=\u00a0\u00bb4.27.4&Prime; _module_preset=\u00a0\u00bbdefault\u00a0\u00bb background_color=\u00a0\u00bb#f5f7fa\u00a0\u00bb custom_margin=\u00a0\u00bb-98px||||false|false\u00a0\u00bb custom_padding=\u00a0\u00bb6em||6em||true|false\u00a0\u00bb border_color_top=\u00a0\u00bb#d1d5db\u00a0\u00bb locked=\u00a0\u00bboff\u00a0\u00bb global_colors_info=\u00a0\u00bb{}\u00a0\u00bb][et_pb_row _builder_version=\u00a0\u00bb4.27.4&Prime; _module_preset=\u00a0\u00bbdefault\u00a0\u00bb global_colors_info=\u00a0\u00bb{}\u00a0\u00bb][et_pb_column type=\u00a0\u00bb4_4&Prime; _builder_version=\u00a0\u00bb4.27.4&Prime; _module_preset=\u00a0\u00bbdefault\u00a0\u00bb global_colors_info=\u00a0\u00bb{}\u00a0\u00bb][et_pb_text _builder_version=\u00a0\u00bb4.27.4&Prime; _module_preset=\u00a0\u00bbdefault\u00a0\u00bb custom_margin=\u00a0\u00bb||3em||false|false\u00a0\u00bb global_colors_info=\u00a0\u00bb{}\u00a0\u00bb]<h2 style=\"text-align: center;\"><strong>Vol ou dommage dans le canton du Jura.<br \/><\/strong><\/h2>[\/et_pb_text][et_pb_text _builder_version=\u00a0\u00bb4.27.4&Prime; _module_preset=\u00a0\u00bbdefault\u00a0\u00bb custom_margin=\u00a0\u00bb-30px||3em||false|false\u00a0\u00bb global_colors_info=\u00a0\u00bb{}\u00a0\u00bb]<h2 style=\"text-align: center;\"><strong>On vous \u00e9coute.<\/strong><\/h2>[\/et_pb_text][\/et_pb_column][\/et_pb_row][et_pb_row column_structure=\u00a0\u00bb1_4,1_4,1_4,1_4&Prime; _builder_version=\u00a0\u00bb4.27.4&Prime; _module_preset=\u00a0\u00bbdefault\u00a0\u00bb global_colors_info=\u00a0\u00bb{}\u00a0\u00bb][et_pb_column type=\u00a0\u00bb1_4&Prime; _builder_version=\u00a0\u00bb4.27.4&Prime; _module_preset=\u00a0\u00bbdefault\u00a0\u00bb global_colors_info=\u00a0\u00bb{}\u00a0\u00bb][et_pb_image src=\u00a0\u00bbhttps:\/\/ma-plainte.ch\/wp-content\/uploads\/2025\/05\/vol-a-la-tire.jpg\u00a0\u00bb title_text=\u00a0\u00bbvol-a-la-tire\u00a0\u00bb _builder_version=\u00a0\u00bb4.27.4&Prime; _module_preset=\u00a0\u00bbdefault\u00a0\u00bb border_radii=\u00a0\u00bbon|8px|8px|8px|8px\u00a0\u00bb global_colors_info=\u00a0\u00bb{}\u00a0\u00bb][\/et_pb_image][et_pb_heading title=\u00a0\u00bbVol (simple, \u00e0 la tire ou \u00e0 l\u2019astuce)\u00a0\u00bb _builder_version=\u00a0\u00bb4.27.4&Prime; _module_preset=\u00a0\u00bbdefault\u00a0\u00bb title_level=\u00a0\u00bbh3&Prime; global_colors_info=\u00a0\u00bb{}\u00a0\u00bb][\/et_pb_heading][et_pb_text _builder_version=\u00a0\u00bb4.27.4&Prime; _module_preset=\u00a0\u00bb_initial\u00a0\u00bb global_colors_info=\u00a0\u00bb{}\u00a0\u00bb]<p><span>Un sac oubli\u00e9 quelques instants, un portefeuille subtilis\u00e9 dans la poche, ou une personne qui vous a manipul\u00e9 avec des mots habiles\u2026 Quelle que soit la mani\u00e8re, quelqu\u2019un s\u2019est empar\u00e9 de votre bien sans droit.<\/span><br data-start=\"485\" data-end=\"488\" \/><span><\/span><\/p>\n<p>Sans menace et sans violence, ces vols passent souvent inaper\u00e7us sur le moment. Dans une rue de Del\u00e9mont, dans un magasin \u00e0 Porrentruy, dans les transports \u00e0 Saignel\u00e9gier, au c\u0153ur des Franches-Montagnes ou m\u00eame chez vous, ce type d\u2019infraction laisse un sentiment d\u2019impuissance. Le d\u00e9clarer est essentiel pour faire avancer les choses.<\/p>[\/et_pb_text][et_pb_button button_url=\u00a0\u00bbhttps:\/\/ma-plainte.ch\/vol-simple-a-la-tire-ou-a-lastuce\/\u00a0\u00bb button_text=\u00a0\u00bbEn savoir plus\u00a0\u00bb button_alignment=\u00a0\u00bbcenter\u00a0\u00bb _builder_version=\u00a0\u00bb4.27.4&Prime; _module_preset=\u00a0\u00bb8692cd49-60ab-41de-b1d3-15cf24c7fcb8&Prime; global_colors_info=\u00a0\u00bb{}\u00a0\u00bb][\/et_pb_button][\/et_pb_column][et_pb_column type=\u00a0\u00bb1_4&Prime; _builder_version=\u00a0\u00bb4.27.4&Prime; _module_preset=\u00a0\u00bbdefault\u00a0\u00bb global_colors_info=\u00a0\u00bb{}\u00a0\u00bb][et_pb_image src=\u00a0\u00bbhttps:\/\/ma-plainte.ch\/wp-content\/uploads\/2025\/05\/vol-cycle.jpg\u00a0\u00bb alt=\u00a0\u00bbVol de cycle\u00a0\u00bb title_text=\u00a0\u00bbVol de cycle\u00a0\u00bb _builder_version=\u00a0\u00bb4.27.4&Prime; _module_preset=\u00a0\u00bbdefault\u00a0\u00bb custom_margin=\u00a0\u00bb||||false|false\u00a0\u00bb custom_padding=\u00a0\u00bb||||false|false\u00a0\u00bb border_radii=\u00a0\u00bbon|8px|8px|8px|8px\u00a0\u00bb global_colors_info=\u00a0\u00bb{}\u00a0\u00bb][\/et_pb_image][et_pb_heading title=\u00a0\u00bbVol de cycle\u00a0\u00bb _builder_version=\u00a0\u00bb4.27.4&Prime; _module_preset=\u00a0\u00bbdefault\u00a0\u00bb title_level=\u00a0\u00bbh3&Prime; global_colors_info=\u00a0\u00bb{}\u00a0\u00bb][\/et_pb_heading][et_pb_text _builder_version=\u00a0\u00bb4.27.4&Prime; _module_preset=\u00a0\u00bb_initial\u00a0\u00bb global_colors_info=\u00a0\u00bb{}\u00a0\u00bb]<p data-start=\"93\" data-end=\"307\">Votre v\u00e9lo n\u2019\u00e9tait plus l\u00e0. Gar\u00e9 devant votre immeuble \u00e0 Del\u00e9mont, attach\u00e9 pr\u00e8s d\u2019un commerce \u00e0 Porrentruy ou laiss\u00e9 quelques instants \u00e0 proximit\u00e9 de la gare de Saignel\u00e9gier, il n\u2019a pas r\u00e9sist\u00e9 au passage d\u2019un voleur.<\/p>\n<p data-start=\"315\" data-end=\"608\">V\u00e9lo classique, VTT, e-bike ou trottinette : dans le canton du Jura, ces moyens de transport sont devenus essentiels au quotidien et repr\u00e9sentent souvent un investissement important. Signaler leur disparition contribue \u00e0 lutter contre les vols r\u00e9currents sur l\u2019ensemble du territoire jurassien.<\/p>[\/et_pb_text][et_pb_button button_url=\u00a0\u00bbhttps:\/\/ma-plainte.ch\/vol-de-cycle\/\u00a0\u00bb button_text=\u00a0\u00bbEn savoir plus\u00a0\u00bb button_alignment=\u00a0\u00bbcenter\u00a0\u00bb _builder_version=\u00a0\u00bb4.27.4&Prime; _module_preset=\u00a0\u00bb8692cd49-60ab-41de-b1d3-15cf24c7fcb8&Prime; global_colors_info=\u00a0\u00bb{}\u00a0\u00bb][\/et_pb_button][\/et_pb_column][et_pb_column type=\u00a0\u00bb1_4&Prime; _builder_version=\u00a0\u00bb4.27.4&Prime; _module_preset=\u00a0\u00bbdefault\u00a0\u00bb global_colors_info=\u00a0\u00bb{}\u00a0\u00bb][et_pb_image src=\u00a0\u00bbhttps:\/\/ma-plainte.ch\/wp-content\/uploads\/2025\/05\/vol-vehicule-motorise.jpg\u00a0\u00bb alt=\u00a0\u00bbVol de v\u00e9hicule\u00a0\u00bb title_text=\u00a0\u00bbVol de v\u00e9hicule\u00a0\u00bb _builder_version=\u00a0\u00bb4.27.4&Prime; _module_preset=\u00a0\u00bbdefault\u00a0\u00bb border_radii=\u00a0\u00bbon|8px|8px|8px|8px\u00a0\u00bb global_colors_info=\u00a0\u00bb{}\u00a0\u00bb][\/et_pb_image][et_pb_heading title=\u00a0\u00bbVol de v\u00e9hicule motoris\u00e9\u00a0\u00bb _builder_version=\u00a0\u00bb4.27.4&Prime; _module_preset=\u00a0\u00bbdefault\u00a0\u00bb title_level=\u00a0\u00bbh3&Prime; global_colors_info=\u00a0\u00bb{}\u00a0\u00bb][\/et_pb_heading][et_pb_text _builder_version=\u00a0\u00bb4.27.4&Prime; _module_preset=\u00a0\u00bbdefault\u00a0\u00bb global_colors_info=\u00a0\u00bb{}\u00a0\u00bb content__hover_enabled=\u00a0\u00bbon|desktop\u00a0\u00bb content__hover=\u00a0\u00bb<p>Vous vous appr\u00eatiez \u00e0 prendre votre voiture ou votre scooter\u2026 mais il n\u2019\u00e9tait plus l\u00e0. Le <strong>vol d\u2019un v\u00e9hicule<\/strong>, c\u2019est un choc. C\u2019est perdre bien plus qu\u2019un objet : un outil de travail, un moyen de transport, parfois un symbole de stabilit\u00e9.<\/p>\n<p>Ce type de vol peut se produire partout : sur la voie publique, dans un parking, ou m\u00eame dans un garage priv\u00e9.<\/p>\n<p>Chaque d\u00e9claration est utile pour retrouver les v\u00e9hicules et identifier les auteurs, souvent organis\u00e9s.<\/p>\u00ab\u00a0]<p><span>Vous vous appr\u00eatiez \u00e0 utiliser votre voiture ou votre scooter\u2026 mais il avait disparu.<\/span><br data-start=\"1404\" data-end=\"1407\" \/><span><\/span><\/p>\n<p><span>Le vol d\u2019un v\u00e9hicule est un choc : on perd bien plus qu\u2019un objet, souvent un outil de travail ou un \u00e9l\u00e9ment central de son quotidien. Ce type de vol peut survenir sur la voie publique, dans un parking souterrain, dans un immeuble ou m\u00eame dans un garage priv\u00e9. Chaque plainte aide \u00e0 identifier des sch\u00e9mas, \u00e0 soutenir les enqu\u00eates et parfois \u00e0 retrouver des v\u00e9hicules vol\u00e9s.<\/span><\/p>[\/et_pb_text][et_pb_button button_url=\u00a0\u00bbhttps:\/\/ma-plainte.ch\/vol-de-vehicule-motorise\/\u00a0\u00bb button_text=\u00a0\u00bbEn savoir plus\u00a0\u00bb button_alignment=\u00a0\u00bbcenter\u00a0\u00bb _builder_version=\u00a0\u00bb4.27.4&Prime; _module_preset=\u00a0\u00bb8692cd49-60ab-41de-b1d3-15cf24c7fcb8&Prime; global_colors_info=\u00a0\u00bb{}\u00a0\u00bb][\/et_pb_button][\/et_pb_column][et_pb_column type=\u00a0\u00bb1_4&Prime; _builder_version=\u00a0\u00bb4.27.4&Prime; _module_preset=\u00a0\u00bbdefault\u00a0\u00bb global_colors_info=\u00a0\u00bb{}\u00a0\u00bb][et_pb_image src=\u00a0\u00bbhttps:\/\/ma-plainte.ch\/wp-content\/uploads\/2025\/05\/dommage-propriete.jpg\u00a0\u00bb alt=\u00a0\u00bbDommage.\u00e0 la propri\u00e9t\u00e9\u00a0\u00bb title_text=\u00a0\u00bbDommage.\u00e0 la propri\u00e9t\u00e9\u00a0\u00bb _builder_version=\u00a0\u00bb4.27.4&Prime; _module_preset=\u00a0\u00bbdefault\u00a0\u00bb border_radii=\u00a0\u00bbon|8px|8px|8px|8px\u00a0\u00bb global_colors_info=\u00a0\u00bb{}\u00a0\u00bb][\/et_pb_image][et_pb_heading title=\u00a0\u00bbDommage \u00e0 la propri\u00e9t\u00e9\u00a0\u00bb _builder_version=\u00a0\u00bb4.27.4&Prime; _module_preset=\u00a0\u00bbdefault\u00a0\u00bb title_level=\u00a0\u00bbh3&Prime; global_colors_info=\u00a0\u00bb{}\u00a0\u00bb][\/et_pb_heading][et_pb_text _builder_version=\u00a0\u00bb4.27.4&Prime; _module_preset=\u00a0\u00bbdefault\u00a0\u00bb global_colors_info=\u00a0\u00bb{}\u00a0\u00bb]<p><span>Une vitre bris\u00e9e, une bo\u00eete aux lettres arrach\u00e9e, un mur tagu\u00e9, une serrure forc\u00e9e\u2026 Ces d\u00e9gradations, petites ou grandes, perturbent votre sentiment de s\u00e9curit\u00e9.<\/span><br data-start=\"1976\" data-end=\"1979\" \/><span><\/span><\/p>\n<p><span>M\u00eame sans intrusion ni vol, c\u2019est une atteinte \u00e0 votre espace personnel ou professionnel. Signaler un dommage permet de documenter l\u2019incident, mais aussi de rep\u00e9rer les comportements malveillants r\u00e9currents dans les communes jurassiennes.<\/span><\/p>[\/et_pb_text][et_pb_button button_url=\u00a0\u00bbhttps:\/\/ma-plainte.ch\/dommage-a-la-propriete\/\u00a0\u00bb button_text=\u00a0\u00bbEn savoir plus\u00a0\u00bb button_alignment=\u00a0\u00bbcenter\u00a0\u00bb _builder_version=\u00a0\u00bb4.27.4&Prime; _module_preset=\u00a0\u00bb8692cd49-60ab-41de-b1d3-15cf24c7fcb8&Prime; global_colors_info=\u00a0\u00bb{}\u00a0\u00bb][\/et_pb_button][\/et_pb_column][\/et_pb_row][et_pb_row _builder_version=\u00a0\u00bb4.27.4&Prime; _module_preset=\u00a0\u00bbdefault\u00a0\u00bb global_colors_info=\u00a0\u00bb{}\u00a0\u00bb][et_pb_column type=\u00a0\u00bb4_4&Prime; _builder_version=\u00a0\u00bb4.27.4&Prime; _module_preset=\u00a0\u00bbdefault\u00a0\u00bb global_colors_info=\u00a0\u00bb{}\u00a0\u00bb][et_pb_divider color=\u00a0\u00bb#d1d5db\u00a0\u00bb _builder_version=\u00a0\u00bb4.27.4&Prime; _module_preset=\u00a0\u00bbdefault\u00a0\u00bb global_colors_info=\u00a0\u00bb{}\u00a0\u00bb][\/et_pb_divider][\/et_pb_column][\/et_pb_row][\/et_pb_section][et_pb_section fb_built=\u00a0\u00bb1&Prime; _builder_version=\u00a0\u00bb4.27.4&Prime; _module_preset=\u00a0\u00bbdefault\u00a0\u00bb background_color=\u00a0\u00bb#f5f7fa\u00a0\u00bb custom_margin=\u00a0\u00bb||||false|false\u00a0\u00bb custom_padding=\u00a0\u00bb6em||6em||true|false\u00a0\u00bb border_color_bottom=\u00a0\u00bb#d1d5db\u00a0\u00bb global_colors_info=\u00a0\u00bb{}\u00a0\u00bb][et_pb_row _builder_version=\u00a0\u00bb4.27.4&Prime; _module_preset=\u00a0\u00bbdefault\u00a0\u00bb custom_css_free_form=\u00a0\u00bbselector {||  margin:auto;||  justify-content: center;||  align-items:center;||  ||}\u00a0\u00bb global_colors_info=\u00a0\u00bb{}\u00a0\u00bb][et_pb_column type=\u00a0\u00bb4_4&Prime; _builder_version=\u00a0\u00bb4.27.4&Prime; _module_preset=\u00a0\u00bbdefault\u00a0\u00bb global_colors_info=\u00a0\u00bb{}\u00a0\u00bb][et_pb_text _builder_version=\u00a0\u00bb4.27.4&Prime; _module_preset=\u00a0\u00bb6a4db4d8-4db6-4166-a0ba-e47de9ac45bf\u00a0\u00bb global_colors_info=\u00a0\u00bb{}\u00a0\u00bb]<h2 data-start=\"227\" data-end=\"775\" style=\"text-align: center;\"><b>Comment \u00e7a marche ?<\/b><em><\/em><\/h2>\n<p data-start=\"777\" data-end=\"1037\" class=\"\" style=\"text-align: center;\"><\/p>\n<p data-start=\"777\" data-end=\"1037\" class=\"\" style=\"text-align: center;\"><\/p>[\/et_pb_text][\/et_pb_column][\/et_pb_row][et_pb_row column_structure=\u00a0\u00bb1_3,1_3,1_3&Prime; _builder_version=\u00a0\u00bb4.27.4&Prime; _module_preset=\u00a0\u00bbdefault\u00a0\u00bb global_colors_info=\u00a0\u00bb{}\u00a0\u00bb][et_pb_column type=\u00a0\u00bb1_3&Prime; _builder_version=\u00a0\u00bb4.27.4&Prime; _module_preset=\u00a0\u00bbdefault\u00a0\u00bb global_colors_info=\u00a0\u00bb{}\u00a0\u00bb][et_pb_text _builder_version=\u00a0\u00bb4.27.4&Prime; _module_preset=\u00a0\u00bbdefault\u00a0\u00bb global_colors_info=\u00a0\u00bb{}\u00a0\u00bb]<div style=\"display:flex; justify-content: center; align-items:center;\">\n<p style=\" width: 3rem;\n  height: 3rem;border-radius: 50%;  font-size: 2rem; font-weight: bold; display: flex; align-items: center; justify-content: center; background-color:#D1D5DB;border: 2px solid #D1D5DB; text-align: center;\"><strong>1<\/strong><\/p><\/div>[\/et_pb_text][et_pb_text _builder_version=\u00a0\u00bb4.27.4&Prime; _module_preset=\u00a0\u00bbdefault\u00a0\u00bb global_colors_info=\u00a0\u00bb{}\u00a0\u00bb]<h3 style=\"text-align: center;\">Compl\u00e9ter<\/h3>\n<p style=\"text-align: center;\">Je compl\u00e8te le formulaire de ma plainte en ligne, tranquillement, \u00e0 mon rythme. Je d\u00e9cris ce qui s\u2019est pass\u00e9 et ajoute les informations utiles.<\/p>[\/et_pb_text][\/et_pb_column][et_pb_column type=\u00a0\u00bb1_3&Prime; _builder_version=\u00a0\u00bb4.27.4&Prime; _module_preset=\u00a0\u00bbdefault\u00a0\u00bb global_colors_info=\u00a0\u00bb{}\u00a0\u00bb][et_pb_text _builder_version=\u00a0\u00bb4.27.4&Prime; _module_preset=\u00a0\u00bbdefault\u00a0\u00bb global_colors_info=\u00a0\u00bb{}\u00a0\u00bb]<div style=\"display:flex; justify-content: center; align-items:center;\"><p style=\" width: 3rem;\n  height: 3rem;border-radius: 50%;  font-size: 2rem; font-weight: bold; display: flex; align-items: center; justify-content: center;background-color:#D1D5DB; border: 2px solid #D1D5DB; text-align: center;\"><strong>2<\/strong><\/p><\/div>[\/et_pb_text][et_pb_text _builder_version=\u00a0\u00bb4.27.4&Prime; _module_preset=\u00a0\u00bbdefault\u00a0\u00bb global_colors_info=\u00a0\u00bb{}\u00a0\u00bb]<h3 style=\"text-align: center;\">Imprimer<\/h3>\n<p style=\"text-align: center;\">Une fois termin\u00e9, je re\u00e7ois le formulaire par e-mail. Je le t\u00e9l\u00e9charge et je l\u2019imprime pour pouvoir le signer.<\/p>[\/et_pb_text][\/et_pb_column][et_pb_column type=\u00a0\u00bb1_3&Prime; _builder_version=\u00a0\u00bb4.27.4&Prime; _module_preset=\u00a0\u00bbdefault\u00a0\u00bb global_colors_info=\u00a0\u00bb{}\u00a0\u00bb][et_pb_text _builder_version=\u00a0\u00bb4.27.4&Prime; _module_preset=\u00a0\u00bbdefault\u00a0\u00bb global_colors_info=\u00a0\u00bb{}\u00a0\u00bb]<div style=\"display: flex; justify-content: center; align-items: center;\">\n<p style=\"width: 3rem; background-color:#D1D5DB;height: 3rem; border-radius: 50%; font-size: 2rem; font-weight: bold; display: flex; align-items: center; justify-content: center; border: 2px solid #D1D5DB; text-align: center;\"><strong>3<\/strong><\/p>\n\n<\/div>[\/et_pb_text][et_pb_text _builder_version=\u00a0\u00bb4.27.4&Prime; _module_preset=\u00a0\u00bbdefault\u00a0\u00bb global_colors_info=\u00a0\u00bb{}\u00a0\u00bb]<h3 style=\"text-align: center;\">Envoyer<\/h3>\n<p style=\"text-align: center;\">Je signe le document puis je l\u2019envoie par courrier \u00e0 l\u2019autorit\u00e9 comp\u00e9tente, dont l\u2019adresse figure sur le formulaire.<\/p>[\/et_pb_text][\/et_pb_column][\/et_pb_row][et_pb_row _builder_version=\u00a0\u00bb4.27.4&Prime; _module_preset=\u00a0\u00bbdefault\u00a0\u00bb global_colors_info=\u00a0\u00bb{}\u00a0\u00bb][et_pb_column type=\u00a0\u00bb4_4&Prime; _builder_version=\u00a0\u00bb4.27.4&Prime; _module_preset=\u00a0\u00bbdefault\u00a0\u00bb global_colors_info=\u00a0\u00bb{}\u00a0\u00bb][et_pb_divider color=\u00a0\u00bb#d1d5db\u00a0\u00bb _builder_version=\u00a0\u00bb4.27.4&Prime; _module_preset=\u00a0\u00bbdefault\u00a0\u00bb global_colors_info=\u00a0\u00bb{}\u00a0\u00bb][\/et_pb_divider][\/et_pb_column][\/et_pb_row][\/et_pb_section][et_pb_section fb_built=\u00a0\u00bb1&Prime; _builder_version=\u00a0\u00bb4.27.4&Prime; _module_preset=\u00a0\u00bbdefault\u00a0\u00bb background_color=\u00a0\u00bb#f5f7fa\u00a0\u00bb custom_margin=\u00a0\u00bb6em||6em||false|false\u00a0\u00bb global_colors_info=\u00a0\u00bb{}\u00a0\u00bb][et_pb_row _builder_version=\u00a0\u00bb4.27.4&Prime; _module_preset=\u00a0\u00bbdefault\u00a0\u00bb max_width=\u00a0\u00bb596px\u00a0\u00bb global_colors_info=\u00a0\u00bb{}\u00a0\u00bb][et_pb_column type=\u00a0\u00bb4_4&Prime; _builder_version=\u00a0\u00bb4.27.4&Prime; _module_preset=\u00a0\u00bbdefault\u00a0\u00bb global_colors_info=\u00a0\u00bb{}\u00a0\u00bb][et_pb_text _builder_version=\u00a0\u00bb4.27.4&Prime; _module_preset=\u00a0\u00bb6a4db4d8-4db6-4166-a0ba-e47de9ac45bf\u00a0\u00bb custom_padding=\u00a0\u00bb||2em||false|false\u00a0\u00bb global_colors_info=\u00a0\u00bb{}\u00a0\u00bb]<h2 style=\"text-align: center;\"><b>Notre r\u00f4le dans le canton du Jura<\/b><\/h2>[\/et_pb_text][et_pb_text _builder_version=\u00a0\u00bb4.27.4&Prime; _module_preset=\u00a0\u00bbdefault\u00a0\u00bb global_colors_info=\u00a0\u00bb{}\u00a0\u00bb]<p>D\u00e9poser plainte peut sembler complexe. Notre mission est de vous simplifier chaque \u00e9tape, o\u00f9 que vous vous trouviez dans le canton du Jura. Nous vous accompagnons pour pr\u00e9parer une plainte compl\u00e8te, claire et conforme aux attentes des autorit\u00e9s jurassiennes.<\/p>\n<p>Nous vous proposons un formulaire simple et guid\u00e9, pens\u00e9 pour vous permettre de d\u00e9crire tranquillement ce qu\u2019il s\u2019est pass\u00e9, sans stress et sans risque d\u2019oubli. Tout au long du processus, nous vous aidons \u00e0 structurer votre r\u00e9cit afin de transmettre aux autorit\u00e9s les informations essentielles. Une fois votre plainte compl\u00e9t\u00e9e, nous g\u00e9n\u00e9rons automatiquement un document officiel conforme aux exigences du canton du Jura, pr\u00eat \u00e0 \u00eatre imprim\u00e9 et sign\u00e9.<\/p>\n<p>Pour l\u2019envoi, aucune h\u00e9sitation : nous vous indiquons pr\u00e9cis\u00e9ment l\u2019adresse de l\u2019autorit\u00e9 comp\u00e9tente \u00e0 laquelle transmettre votre plainte. Et si un doute persiste ou qu\u2019une question survient, nous restons disponibles pour vous accompagner jusqu\u2019\u00e0 la finalisation de votre d\u00e9marche.<\/p>[\/et_pb_text][et_pb_button button_url=\u00a0\u00bbhttps:\/\/app.ma-plainte.ch\/wizard\u00a0\u00bb button_text=\u00a0\u00bbCommencer ma plainte\u00a0\u00bb button_alignment=\u00a0\u00bbcenter\u00a0\u00bb _builder_version=\u00a0\u00bb4.27.4&Prime; _module_preset=\u00a0\u00bb8692cd49-60ab-41de-b1d3-15cf24c7fcb8&Prime; locked=\u00a0\u00bboff\u00a0\u00bb global_colors_info=\u00a0\u00bb{}\u00a0\u00bb][\/et_pb_button][\/et_pb_column][\/et_pb_row][\/et_pb_section][et_pb_section fb_built=\u00a0\u00bb1&Prime; admin_label=\u00a0\u00bbHeader\u00a0\u00bb _builder_version=\u00a0\u00bb4.27.4&Prime; _module_preset=\u00a0\u00bbdefault\u00a0\u00bb background_color=\u00a0\u00bb#1a3557&Prime; background_enable_image=\u00a0\u00bboff\u00a0\u00bb overflow-x=\u00a0\u00bbhidden\u00a0\u00bb overflow-y=\u00a0\u00bbhidden\u00a0\u00bb custom_padding=\u00a0\u00bb||6em||false|false\u00a0\u00bb collapsed=\u00a0\u00bbon\u00a0\u00bb global_colors_info=\u00a0\u00bb{}\u00a0\u00bb][et_pb_row _builder_version=\u00a0\u00bb4.27.4&Prime; _module_preset=\u00a0\u00bbdefault\u00a0\u00bb custom_css_free_form=\u00a0\u00bbselector {||  align-items:center;||  margin:auto;||}\u00a0\u00bb global_colors_info=\u00a0\u00bb{}\u00a0\u00bb][et_pb_column type=\u00a0\u00bb4_4&Prime; _builder_version=\u00a0\u00bb4.27.4&Prime; _module_preset=\u00a0\u00bbdefault\u00a0\u00bb custom_padding=\u00a0\u00bb6em||2em||false|false\u00a0\u00bb custom_padding_tablet=\u00a0\u00bb0vw||||false|false\u00a0\u00bb custom_padding_phone=\u00a0\u00bb0vw||||false|false\u00a0\u00bb custom_padding_last_edited=\u00a0\u00bbon|tablet\u00a0\u00bb global_colors_info=\u00a0\u00bb{}\u00a0\u00bb][et_pb_text _builder_version=\u00a0\u00bb4.27.4&Prime; _module_preset=\u00a0\u00bb686600e6-bbd9-4880-b0ee-5790a988628c\u00a0\u00bb text_font_size=\u00a0\u00bb11px\u00a0\u00bb header_font_size=\u00a0\u00bb69px\u00a0\u00bb custom_padding=\u00a0\u00bb||||false|false\u00a0\u00bb global_colors_info=\u00a0\u00bb{}\u00a0\u00bb]<h1 style=\"text-align: center;\"><span>Porter plainte maintenant.<\/span><\/h1>[\/et_pb_text][et_pb_text _builder_version=\u00a0\u00bb4.27.4&Prime; _module_preset=\u00a0\u00bb6a4db4d8-4db6-4166-a0ba-e47de9ac45bf\u00a0\u00bb text_text_color=\u00a0\u00bb#FFFFFF\u00a0\u00bb global_colors_info=\u00a0\u00bb{}\u00a0\u00bb]<p style=\"text-align: center;\">Vous avez \u00e9t\u00e9 victime d\u2019un vol ou d\u2019un dommage ? <strong>Ne laissez pas les choses en suspens. <\/strong><\/p>\n<p style=\"text-align: center;\">En <strong>quelques minutes<\/strong>, vous pouvez d\u00e9crire ce qu&rsquo;il s&rsquo;est pass\u00e9 et lancer une d\u00e9marche simple et sans vous d\u00e9placer. Votre d\u00e9claration est importante \u2014 pour vous, pour les autres, et pour que les faits soient pris en compte.<\/p>\n<p style=\"text-align: center;\"><strong>Commencez maintenant, on vous guide pas-\u00e0-pas.<\/strong><\/p>[\/et_pb_text][et_pb_button button_url=\u00a0\u00bbhttps:\/\/app.ma-plainte.ch\/wizard\u00a0\u00bb button_text=\u00a0\u00bbCommencer ma plainte\u00a0\u00bb button_alignment=\u00a0\u00bbcenter\u00a0\u00bb _builder_version=\u00a0\u00bb4.27.4&Prime; _module_preset=\u00a0\u00bb8692cd49-60ab-41de-b1d3-15cf24c7fcb8&Prime; global_colors_info=\u00a0\u00bb{}\u00a0\u00bb][\/et_pb_button][\/et_pb_column][\/et_pb_row][\/et_pb_section]\n","protected":false},"excerpt":{"rendered":"<p>D\u00e9p\u00f4t de plainte dans le canton du Jura, sans passer au poste de police et en toute simplicit\u00e9Vous avez \u00e9t\u00e9 victime d\u2019un vol ou d\u2019un dommage \u00e0 la propri\u00e9t\u00e9 dans le canton du Jura ? Notre service en ligne vous permet de pr\u00e9parer facilement votre d\u00e9p\u00f4t de plainte, sans devoir vous rendre dans un poste [&hellip;]<\/p>\n","protected":false},"author":2,"featured_media":0,"parent":0,"menu_order":0,"comment_status":"closed","ping_status":"closed","template":"","meta":{"_et_pb_use_builder":"on","_et_pb_old_content":"","_et_gb_content_width":"","footnotes":""},"class_list":["post-287","page","type-page","status-publish","hentry"],"_links":{"self":[{"href":"https:\/\/ma-plainte.ch\/de\/wp-json\/wp\/v2\/pages\/287","targetHints":{"allow":["GET"]}}],"collection":[{"href":"https:\/\/ma-plainte.ch\/de\/wp-json\/wp\/v2\/pages"}],"about":[{"href":"https:\/\/ma-plainte.ch\/de\/wp-json\/wp\/v2\/types\/page"}],"author":[{"embeddable":true,"href":"https:\/\/ma-plainte.ch\/de\/wp-json\/wp\/v2\/users\/2"}],"replies":[{"embeddable":true,"href":"https:\/\/ma-plainte.ch\/de\/wp-json\/wp\/v2\/comments?post=287"}],"version-history":[{"count":5,"href":"https:\/\/ma-plainte.ch\/de\/wp-json\/wp\/v2\/pages\/287\/revisions"}],"predecessor-version":[{"id":314,"href":"https:\/\/ma-plainte.ch\/de\/wp-json\/wp\/v2\/pages\/287\/revisions\/314"}],"wp:attachment":[{"href":"https:\/\/ma-plainte.ch\/de\/wp-json\/wp\/v2\/media?parent=287"}],"curies":[{"name":"wp","href":"https:\/\/api.w.org\/{rel}","templated":true}]}}